{"id":22539,"date":"2025-01-30T02:28:27","date_gmt":"2025-01-30T02:28:27","guid":{"rendered":"https:\/\/marcanolegal.com\/?page_id=22539"},"modified":"2025-05-07T14:30:32","modified_gmt":"2025-05-07T14:30:32","slug":"contacto","status":"publish","type":"page","link":"https:\/\/marcanolegal.com\/es\/contacto\/","title":{"rendered":"Cont\u00e1ctanos"},"content":{"rendered":"\t\t<div data-elementor-type=\"wp-page\" data-elementor-id=\"22539\" class=\"elementor elementor-22539 elementor-22538\">\n\t\t\t\t\t\t<section class=\"elementor-section elementor-top-section elementor-element elementor-element-21007b6 elementor-section-stretched scheme_light elementor-section-boxed elementor-section-height-default elementor-section-height-default sc_fly_static\" data-id=\"21007b6\" data-element_type=\"section\" data-e-type=\"section\" data-settings=\"{&quot;stretch_section&quot;:&quot;section-stretched&quot;,&quot;background_background&quot;:&quot;classic&quot;}\">\n\t\t\t\t\t\t\t<div class=\"elementor-background-overlay\"><\/div>\n\t\t\t\t\t\t\t<div class=\"elementor-container elementor-column-gap-extended\">\n\t\t\t\t\t<div class=\"elementor-column elementor-col-100 elementor-top-column elementor-element elementor-element-cfe325e sc_content_align_inherit sc_layouts_column_icons_position_left sc_fly_static\" data-id=\"cfe325e\" data-element_type=\"column\" data-e-type=\"column\">\n\t\t\t<div class=\"elementor-widget-wrap elementor-element-populated\">\n\t\t\t\t\t\t<section class=\"elementor-section elementor-inner-section elementor-element elementor-element-4a0d376 elementor-section-boxed elementor-section-height-default elementor-section-height-default sc_fly_static\" data-id=\"4a0d376\" data-element_type=\"section\" data-e-type=\"section\">\n\t\t\t\t\t\t<div class=\"elementor-container elementor-column-gap-extended\">\n\t\t\t\t\t<div class=\"elementor-column elementor-col-100 elementor-inner-column elementor-element elementor-element-e850f67 sc_content_align_inherit sc_layouts_column_icons_position_left sc_fly_static\" data-id=\"e850f67\" data-element_type=\"column\" data-e-type=\"column\">\n\t\t\t<div class=\"elementor-widget-wrap elementor-element-populated\">\n\t\t\t\t\t\t<div class=\"elementor-element elementor-element-74a7ed5 sc_height_large sc_fly_static elementor-widget elementor-widget-spacer\" data-id=\"74a7ed5\" data-element_type=\"widget\" data-e-type=\"widget\" data-widget_type=\"spacer.default\">\n\t\t\t\t<div class=\"elementor-widget-container\">\n\t\t\t\t\t\t\t<div class=\"elementor-spacer\">\n\t\t\t<div class=\"elementor-spacer-inner\"><\/div>\n\t\t<\/div>\n\t\t\t\t\t\t<\/div>\n\t\t\t\t<\/div>\n\t\t\t\t\t<\/div>\n\t\t<\/div>\n\t\t\t\t\t<\/div>\n\t\t<\/section>\n\t\t\t\t<div class=\"elementor-element elementor-element-98ea697 sc_fly_static elementor-widget elementor-widget-trx_sc_title\" data-id=\"98ea697\" data-element_type=\"widget\" data-e-type=\"widget\" data-widget_type=\"trx_sc_title.default\">\n\t\t\t\t<div class=\"elementor-widget-container\">\n\t\t\t\t\t<div\t\tclass=\"sc_title sc_title_default\" ><span class=\"sc_item_subtitle sc_title_subtitle sc_align_center sc_item_subtitle_above sc_item_title_style_default\">Cont\u00e1ctenos<\/span><h2 class=\"sc_item_title sc_title_title sc_align_center sc_item_title_style_default\"\n\t\t\t><span class=\"sc_item_title_text\">Hable con una Abogada de Inmigraci\u00f3n<\/span><\/h2><\/div>\t\t\t\t<\/div>\n\t\t\t\t<\/div>\n\t\t\t\t<div class=\"elementor-element elementor-element-f99354d sc_height_tiny sc_fly_static elementor-widget elementor-widget-spacer\" data-id=\"f99354d\" data-element_type=\"widget\" data-e-type=\"widget\" data-widget_type=\"spacer.default\">\n\t\t\t\t<div class=\"elementor-widget-container\">\n\t\t\t\t\t\t\t<div class=\"elementor-spacer\">\n\t\t\t<div class=\"elementor-spacer-inner\"><\/div>\n\t\t<\/div>\n\t\t\t\t\t\t<\/div>\n\t\t\t\t<\/div>\n\t\t\t\t<section class=\"elementor-section elementor-inner-section elementor-element elementor-element-154b1c3 elementor-section-boxed elementor-section-height-default elementor-section-height-default sc_fly_static\" data-id=\"154b1c3\" data-element_type=\"section\" data-e-type=\"section\">\n\t\t\t\t\t\t<div class=\"elementor-container elementor-column-gap-no\">\n\t\t\t\t\t<div class=\"elementor-column elementor-col-100 elementor-inner-column elementor-element elementor-element-6f51ef1 sc_content_align_inherit sc_layouts_column_icons_position_left sc_fly_static\" data-id=\"6f51ef1\" data-element_type=\"column\" data-e-type=\"column\">\n\t\t\t<div class=\"elementor-widget-wrap elementor-element-populated\">\n\t\t\t\t\t\t<div class=\"elementor-element elementor-element-be5295f sc_fly_static elementor-widget elementor-widget-text-editor\" data-id=\"be5295f\" data-element_type=\"widget\" data-e-type=\"widget\" data-widget_type=\"text-editor.default\">\n\t\t\t\t<div class=\"elementor-widget-container\">\n\t\t\t\t\t\t\t\t\t<p style=\"text-align: center;\">Permita que nuestra abogada experta le gu\u00ede a trav\u00e9s del complejo proceso migratorio.<\/p>\t\t\t\t\t\t\t\t<\/div>\n\t\t\t\t<\/div>\n\t\t\t\t<div class=\"elementor-element elementor-element-556eaec sc_fly_static elementor-widget elementor-widget-text-editor\" data-id=\"556eaec\" data-element_type=\"widget\" data-e-type=\"widget\" data-widget_type=\"text-editor.default\">\n\t\t\t\t<div class=\"elementor-widget-container\">\n\t\t\t\t\t\t\t\t\t<h4 style=\"text-align: center;\">Comience su evaluaci\u00f3n de caso de inmigraci\u00f3n hoy mismo.<\/h4><p class=\"whitespace-pre-wrap break-words\" style=\"text-align: center;\">Env\u00ede su informaci\u00f3n a continuaci\u00f3n para recibir una revisi\u00f3n profesional de su caso. Nuestro equipo analizar\u00e1 su situaci\u00f3n \u00fanica e identificar\u00e1 las estrategias de inmigraci\u00f3n m\u00e1s prometedoras para sus objetivos.<\/p><h6 class=\"whitespace-pre-wrap break-words\" style=\"text-align: center;\"><strong>\u00bfNecesita ayuda inmediata con su situaci\u00f3n?<\/strong><\/h6><p class=\"whitespace-pre-wrap break-words\" style=\"text-align: center;\">Llame ahora para hablar con nuestro equipo legal: <strong><a style=\"text-decoration: underline;\" href=\"tel:786-314-7330\">786-314-7330<\/a><\/strong> o programe una <a href=\"https:\/\/calendly.com\/grace-marcanolegal\/consultation\" target=\"_blank\" rel=\"noopener\"><span style=\"text-decoration: underline;\"><strong>consulta paga aqu\u00ed.<\/strong><\/span><\/a><\/p>\t\t\t\t\t\t\t\t<\/div>\n\t\t\t\t<\/div>\n\t\t\t\t<div class=\"elementor-element elementor-element-7317bac sc_fly_static elementor-widget elementor-widget-trx_sc_contact_form_7\" data-id=\"7317bac\" data-element_type=\"widget\" data-e-type=\"widget\" data-widget_type=\"trx_sc_contact_form_7.default\">\n\t\t\t\t<div class=\"elementor-widget-container\">\n\t\t\t\t\t\n<div class=\"wpcf7 no-js\" id=\"wpcf7-f21582-o1\" lang=\"es-ES\" dir=\"ltr\" data-wpcf7-id=\"21582\">\n<div class=\"screen-reader-response\"><p role=\"status\" aria-live=\"polite\" aria-atomic=\"true\"><\/p> <ul><\/ul><\/div>\n<form action=\"\/es\/wp-json\/wp\/v2\/pages\/22539#wpcf7-f21582-o1\" method=\"post\" class=\"wpcf7-form init\" aria-label=\"Formulario de contacto\" novalidate=\"novalidate\" data-status=\"init\">\n<fieldset class=\"hidden-fields-container\"><input type=\"hidden\" name=\"_wpcf7\" value=\"21582\" \/><input type=\"hidden\" name=\"_wpcf7_version\" value=\"6.1.5\" \/><input type=\"hidden\" name=\"_wpcf7_locale\" value=\"es_ES\" \/><input type=\"hidden\" name=\"_wpcf7_unit_tag\" value=\"wpcf7-f21582-o1\" \/><input type=\"hidden\" name=\"_wpcf7_container_post\" value=\"0\" \/><input type=\"hidden\" name=\"_wpcf7_posted_data_hash\" value=\"\" \/><input type=\"hidden\" name=\"_wpcf7_recaptcha_response\" value=\"\" \/>\n<\/fieldset>\n<div class=\"form-style-3\">\n\t<div class=\"columns_wrap\">\n\t\t<div class=\"column-1_2\">\n\t\t\t<p><label class=\"style-line\" for=\"user-full-name\">Su Nombre *<\/label><br \/>\n<span class=\"wpcf7-form-control-wrap\" data-name=\"user-full-name\"><input size=\"40\" maxlength=\"400\" class=\"wpcf7-form-control wpcf7-text wpcf7-validates-as-required\" id=\"user-full-name\" aria-required=\"true\" aria-invalid=\"false\" placeholder=\"\u00bfCu\u00e1l es su nombre? *\" value=\"\" type=\"text\" name=\"user-full-name\" \/><\/span>\n\t\t\t<\/p>\n\t\t<\/div>\n\t\t<div class=\"column-1_2\">\n\t\t\t<p><label class=\"style-line\" for=\"user-email-address\">Correo Electr\u00f3nico (opcional)<\/label><br \/>\n<span class=\"wpcf7-form-control-wrap\" data-name=\"user-email-address\"><input size=\"40\" maxlength=\"400\" class=\"wpcf7-form-control wpcf7-email wpcf7-validates-as-required wpcf7-text wpcf7-validates-as-email\" id=\"user-email-address\" aria-required=\"true\" aria-invalid=\"false\" placeholder=\"\u00bfCu\u00e1l es su correo electr\u00f3nico? *\" value=\"\" type=\"email\" name=\"user-email-address\" \/><\/span>\n\t\t\t<\/p>\n\t\t<\/div>\n\t<\/div>\n\t<div class=\"columns_wrap\">\n\t\t<div class=\"column-1_2\">\n\t\t\t<p><label class=\"style-line\" for=\"phone\">N\u00famero de Tel\u00e9fono (requerido)<\/label><br \/>\n<span class=\"wpcf7-form-control-wrap\" data-name=\"phone\"><input size=\"40\" maxlength=\"400\" class=\"wpcf7-form-control wpcf7-tel wpcf7-text wpcf7-validates-as-tel\" id=\"phone\" aria-invalid=\"false\" placeholder=\"\u00bfCu\u00e1l es su n\u00famero de tel\u00e9fono? *\" value=\"\" type=\"tel\" name=\"phone\" \/><\/span>\n\t\t\t<\/p>\n\t\t<\/div>\n\t\t<div class=\"column-1_2\">\n\t\t\t<p><label class=\"style-line\">\u00bfC\u00f3mo podemos ayudarle?<\/label>\n\t\t\t<\/p>\n\t\t\t<p><span class=\"wpcf7-form-control-wrap\" data-name=\"help-requested\"><select class=\"wpcf7-form-control wpcf7-select\" aria-invalid=\"false\" name=\"help-requested\"><option value=\"Necesito ayuda con mi caso de inmigraci\u00f3n.\">Necesito ayuda con mi caso de inmigraci\u00f3n.<\/option><option value=\"Necesito una segunda opini\u00f3n sobre mi caso.\">Necesito una segunda opini\u00f3n sobre mi caso.<\/option><option value=\"Necesito ayuda con un asunto de inmigraci\u00f3n urgente.\">Necesito ayuda con un asunto de inmigraci\u00f3n urgente.<\/option><option value=\"Otro (Por favor especifique en el cuadro de comentarios a continuaci\u00f3n)\">Otro (Por favor especifique en el cuadro de comentarios a continuaci\u00f3n)<\/option><\/select><\/span>\n\t\t\t<\/p>\n\t\t<\/div>\n\t<\/div>\n\n <!-- \n<div class=\"columns_wrap\">\n    <div class=\"column-1_1\">\n      <label class=\"style-line\" for=\"service-detail\">Servicio de Inmigraci\u00f3n (opcional)<\/label>\n      <span class=\"wpcf7-form-control-wrap\" data-name=\"service-detail\"><select class=\"wpcf7-form-control wpcf7-select\" id=\"service-detail\" aria-invalid=\"false\" name=\"service-detail\"><option value=\"\u00bfQu\u00e9 servicio de inmigraci\u00f3n le interesa?\">\u00bfQu\u00e9 servicio de inmigraci\u00f3n le interesa?<\/option><option value=\"Defensa contra deportaci\u00f3n\">Defensa contra deportaci\u00f3n<\/option><option value=\"VAWA (Ley de Violencia contra la Mujer)\">VAWA (Ley de Violencia contra la Mujer)<\/option><option value=\"Ajuste de estatus por matrimonio (I-130, I-485)\">Ajuste de estatus por matrimonio (I-130, I-485)<\/option><option value=\"Ciudadan\u00eda y Naturalizaci\u00f3n\">Ciudadan\u00eda y Naturalizaci\u00f3n<\/option><option value=\"Remoci\u00f3n de condiciones (I-751)\">Remoci\u00f3n de condiciones (I-751)<\/option><option value=\"Proceso consular\">Proceso consular<\/option><option value=\"Peticiones familiares para hijos (I-130, K-4)\">Peticiones familiares para hijos (I-130, K-4)<\/option><option value=\"Peticiones familiares para padres (I-130)\">Peticiones familiares para padres (I-130)<\/option><option value=\"Visas de prometido\/a (K-1, K-3)\">Visas de prometido\/a (K-1, K-3)<\/option><option value=\"Visas U\">Visas U<\/option><option value=\"No estoy seguro\/a\">No estoy seguro\/a<\/option><\/select><\/span>\n    <\/div>\n<\/div>\n-->\n\t<div class=\"columns_wrap margin-bottom\">\n\t\t<div class=\"column-1_1\">\n\t\t\t<p><label class=\"style-line\" for=\"user-message\">Cu\u00e9ntenos sobre su caso o situaci\u00f3n:<\/label><br \/>\n<span class=\"wpcf7-form-control-wrap\" data-name=\"user-message\"><textarea cols=\"40\" rows=\"10\" maxlength=\"2000\" class=\"wpcf7-form-control wpcf7-textarea\" id=\"user-message\" aria-invalid=\"false\" name=\"user-message\"><\/textarea><\/span>\n\t\t\t<\/p>\n\t\t<\/div>\n\t<\/div>\n\t<div class=\"columns_wrap\">\n\t\t<div class=\"column-1_1\">\n\t\t\t<p><input class=\"wpcf7-form-control wpcf7-submit has-spinner\" type=\"submit\" value=\"Enviar Formulario\" \/>\n\t\t\t<\/p>\n\t\t<\/div>\n\t<\/div>\n\n<\/div><div class=\"wpcf7-response-output\" aria-hidden=\"true\"><\/div>\n<\/form>\n<\/div>\n\t\t\t\t<\/div>\n\t\t\t\t<\/div>\n\t\t\t\t\t<\/div>\n\t\t<\/div>\n\t\t\t\t\t<\/div>\n\t\t<\/section>\n\t\t\t\t\t<\/div>\n\t\t<\/div>\n\t\t\t\t\t<\/div>\n\t\t<\/section>\n\t\t\t\t<section class=\"elementor-section elementor-top-section elementor-element elementor-element-f3af198 elementor-section-full_width elementor-section-height-default elementor-section-height-default sc_fly_static\" data-id=\"f3af198\" data-element_type=\"section\" data-e-type=\"section\">\n\t\t\t\t\t\t<div class=\"elementor-container elementor-column-gap-extended\">\n\t\t\t\t\t<div class=\"elementor-column elementor-col-100 elementor-top-column elementor-element elementor-element-1643231 sc_content_align_inherit sc_layouts_column_icons_position_left sc_fly_static\" data-id=\"1643231\" data-element_type=\"column\" data-e-type=\"column\">\n\t\t\t<div class=\"elementor-widget-wrap elementor-element-populated\">\n\t\t\t\t\t\t<div class=\"elementor-element elementor-element-842cb56 sc_fly_static elementor-widget elementor-widget-text-editor\" data-id=\"842cb56\" data-element_type=\"widget\" data-e-type=\"widget\" data-widget_type=\"text-editor.default\">\n\t\t\t\t<div class=\"elementor-widget-container\">\n\t\t\t\t\t\t\t\t\t<p style=\"font-size: 12px;\">Este sitio est\u00e1 protegido por reCAPTCHA y se aplican la <a href=\"https:\/\/policies.google.com\/privacy\" target=\"_blank\" rel=\"noopener\">Pol\u00edtica de Privacidad<\/a> y los <a href=\"https:\/\/policies.google.com\/terms\" target=\"_blank\" rel=\"noopener\">T\u00e9rminos de Servicio<\/a> de Google.<\/p>\t\t\t\t\t\t\t\t<\/div>\n\t\t\t\t<\/div>\n\t\t\t\t<div class=\"elementor-element elementor-element-ebf88bf sc_fly_static elementor-widget elementor-widget-text-editor\" data-id=\"ebf88bf\" data-element_type=\"widget\" data-e-type=\"widget\" data-widget_type=\"text-editor.default\">\n\t\t\t\t<div class=\"elementor-widget-container\">\n\t\t\t\t\t\t\t\t\t<p><strong>Aviso Legal:<\/strong> Al enviar este formulario, acepta ser contactado por tel\u00e9fono y correo electr\u00f3nico en relaci\u00f3n con su consulta. Una evaluaci\u00f3n de caso es una breve conversaci\u00f3n para determinar si tiene un caso y explorar posibles opciones; no constituye asesoramiento legal ni establece una relaci\u00f3n abogado-cliente.\u00a0<\/p>\t\t\t\t\t\t\t\t<\/div>\n\t\t\t\t<\/div>\n\t\t\t\t\t<\/div>\n\t\t<\/div>\n\t\t\t\t\t<\/div>\n\t\t<\/section>\n\t\t\t\t<\/div>\n\t\t","protected":false},"excerpt":{"rendered":"<p>Cont\u00e1ctenos Hable con una Abogada de Inmigraci\u00f3n Permita que nuestra abogada experta le gu\u00ede a&hellip;<\/p>\n","protected":false},"author":1,"featured_media":0,"parent":0,"menu_order":0,"comment_status":"closed","ping_status":"closed","template":"","meta":{"footnotes":""},"class_list":["post-22539","page","type-page","status-publish","hentry"],"_links":{"self":[{"href":"https:\/\/marcanolegal.com\/es\/wp-json\/wp\/v2\/pages\/22539","targetHints":{"allow":["GET"]}}],"collection":[{"href":"https:\/\/marcanolegal.com\/es\/wp-json\/wp\/v2\/pages"}],"about":[{"href":"https:\/\/marcanolegal.com\/es\/wp-json\/wp\/v2\/types\/page"}],"author":[{"embeddable":true,"href":"https:\/\/marcanolegal.com\/es\/wp-json\/wp\/v2\/users\/1"}],"replies":[{"embeddable":true,"href":"https:\/\/marcanolegal.com\/es\/wp-json\/wp\/v2\/comments?post=22539"}],"version-history":[{"count":0,"href":"https:\/\/marcanolegal.com\/es\/wp-json\/wp\/v2\/pages\/22539\/revisions"}],"wp:attachment":[{"href":"https:\/\/marcanolegal.com\/es\/wp-json\/wp\/v2\/media?parent=22539"}],"curies":[{"name":"wp","href":"https:\/\/api.w.org\/{rel}","templated":true}]}}