{"id":21868,"date":"2024-07-31T19:30:47","date_gmt":"2024-07-31T19:30:47","guid":{"rendered":"https:\/\/marcanolegal.com\/terms-of-use\/"},"modified":"2025-01-07T22:36:22","modified_gmt":"2025-01-07T22:36:22","slug":"terminos-de-uso","status":"publish","type":"page","link":"https:\/\/marcanolegal.com\/es\/terminos-de-uso\/","title":{"rendered":"T\u00e9rminos de Uso"},"content":{"rendered":"\t\t<div data-elementor-type=\"wp-page\" data-elementor-id=\"21868\" class=\"elementor elementor-21868 elementor-19549\">\n\t\t\t\t\t\t<section class=\"elementor-section elementor-top-section elementor-element elementor-element-2b1184b0 elementor-section-boxed elementor-section-height-default elementor-section-height-default sc_fly_static\" data-id=\"2b1184b0\" data-element_type=\"section\" data-e-type=\"section\" data-settings=\"{&quot;background_background&quot;:&quot;classic&quot;}\">\n\t\t\t\t\t\t<div class=\"elementor-container elementor-column-gap-extended\">\n\t\t\t\t\t<div class=\"elementor-column elementor-col-100 elementor-top-column elementor-element elementor-element-153e1c19 sc_content_align_inherit sc_layouts_column_icons_position_left sc_fly_static\" data-id=\"153e1c19\" data-element_type=\"column\" data-e-type=\"column\">\n\t\t\t<div class=\"elementor-widget-wrap elementor-element-populated\">\n\t\t\t\t\t\t<div class=\"elementor-element elementor-element-54db29de sc_fly_static elementor-widget elementor-widget-text-editor\" data-id=\"54db29de\" data-element_type=\"widget\" data-e-type=\"widget\" data-widget_type=\"text-editor.default\">\n\t\t\t\t<div class=\"elementor-widget-container\">\n\t\t\t\t\t\t\t\t\t<h3>T\u00e9rminos de Uso de Marcano Legal LLC<\/h3><p><strong>Fecha de Vigencia:<\/strong> 7 de enero de 2025<\/p><p><strong>1. Aceptaci\u00f3n de los T\u00e9rminos<\/strong><\/p><p>Al acceder y utilizar este sitio web, usted acepta estar sujeto a estos T\u00e9rminos de Uso y a nuestra Pol\u00edtica de Privacidad. Si no est\u00e1 de acuerdo con estos t\u00e9rminos, por favor no utilice nuestro sitio web.<\/p><p><strong>2. Cambios en los T\u00e9rminos<\/strong><\/p><p>Marcano Legal LLC se reserva el derecho de modificar estos T\u00e9rminos de Uso en cualquier momento. Cualquier cambio ser\u00e1 efectivo de inmediato una vez publicado. El uso continuo del sitio web despu\u00e9s de la publicaci\u00f3n de los cambios constituye su aceptaci\u00f3n de dichos cambios.<\/p><p><strong>3. Uso del Sitio Web<\/strong><\/p><p>Usted acepta utilizar este sitio web \u00fanicamente con fines legales y de acuerdo con estos T\u00e9rminos de Uso. Usted se compromete a no usar el sitio web:<\/p><ul><li>De manera que viole cualquier ley o regulaci\u00f3n federal, estatal, local o internacional aplicable.<\/li><li>Para participar en conductas que restrinjan o inhiban el uso o disfrute del sitio web por parte de cualquier persona, o que, seg\u00fan determinemos, puedan perjudicar a Marcano Legal LLC o a los usuarios del sitio web.<\/li><li>Para hacerse pasar o intentar hacerse pasar por Marcano Legal LLC, un empleado de Marcano Legal LLC, otro usuario o cualquier otra persona o entidad.<\/li><\/ul><p><strong>4. Derechos de Propiedad Intelectual<\/strong><\/p><p>El contenido de este sitio web, incluidos textos, gr\u00e1ficos, logotipos, im\u00e1genes y software, es propiedad de Marcano Legal LLC o de sus proveedores de contenido y est\u00e1 protegido por las leyes de derechos de autor, marcas registradas y otras leyes de propiedad intelectual.<\/p><p><strong>5. Contribuciones de los Usuarios<\/strong><\/p><p>El sitio web puede contener funciones interactivas que permiten a los usuarios publicar, enviar, mostrar o transmitir contenido o materiales. Al proporcionar cualquier contribuci\u00f3n de usuario, usted otorga a Marcano Legal LLC un derecho mundial, no exclusivo, libre de regal\u00edas, perpetuo, irrevocable y completamente sublicenciable para usar, reproducir, modificar, adaptar, publicar, traducir, crear trabajos derivados, distribuir y mostrar dicho contenido.<\/p><p><strong>6. Usos Prohibidos<\/strong><\/p><p>Usted acepta no usar el sitio web:<\/p><ul><li>Para enviar, recibir, cargar, descargar, usar o reutilizar materiales que no cumplan con estos T\u00e9rminos de Uso.<\/li><li>Para transmitir o procurar la transmisi\u00f3n de cualquier material publicitario o promocional, incluyendo \u00abcorreo no deseado,\u00bb \u00abcartas en cadena,\u00bb \u00abspam\u00bb o cualquier otra solicitud similar.<\/li><li>Para hacerse pasar o intentar hacerse pasar por Marcano Legal LLC, un empleado de Marcano Legal LLC, otro usuario o cualquier otra persona o entidad.<\/li><li>Para participar en conductas que restrinjan o inhiban el uso o disfrute del sitio web por parte de cualquier persona o que, seg\u00fan determinemos, puedan perjudicar a Marcano Legal LLC o a los usuarios del sitio web, o exponerlos a responsabilidades.<\/li><\/ul><p><strong>7. Dependencia en la Informaci\u00f3n Publicada<\/strong><\/p><p>La informaci\u00f3n presentada en este sitio web es \u00fanicamente para fines informativos generales. Aunque nos esforzamos por proporcionar informaci\u00f3n precisa y actualizada, no hacemos garant\u00edas ni representaciones de ning\u00fan tipo, expresas o impl\u00edcitas, sobre la integridad, precisi\u00f3n, confiabilidad o idoneidad de la informaci\u00f3n contenida en el sitio web para cualquier prop\u00f3sito. La confianza que deposite en dicha informaci\u00f3n es estrictamente bajo su propio riesgo.<\/p><p><strong>8. Cambios en el Sitio Web<\/strong><\/p><p>Marcano Legal LLC se reserva el derecho de modificar, actualizar o eliminar cualquier parte de este sitio web en cualquier momento sin previo aviso. Tambi\u00e9n podemos cambiar estos T\u00e9rminos de Uso en cualquier momento, y su uso continuo del sitio web despu\u00e9s de cualquier cambio indica su aceptaci\u00f3n de los nuevos t\u00e9rminos.<\/p><p><strong>9. Limitaci\u00f3n de Responsabilidad<\/strong><\/p><p>En la m\u00e1xima medida permitida por la ley, Marcano Legal LLC no ser\u00e1 responsable por ning\u00fan da\u00f1o de ning\u00fan tipo que surja del uso de este sitio web o de cualquier informaci\u00f3n, contenido, materiales, productos u otros servicios incluidos o puestos a disposici\u00f3n a trav\u00e9s de este sitio web, incluidos, entre otros, da\u00f1os directos, indirectos, incidentales, punitivos y consecuentes.<\/p><p><strong>10. Indemnizaci\u00f3n<\/strong><\/p><p>Usted acepta indemnizar, defender y mantener indemne a Marcano Legal LLC, sus funcionarios, directores, empleados, agentes, licenciatarios y proveedores de todas las reclamaciones, responsabilidades, p\u00e9rdidas, gastos, da\u00f1os y costos, incluidos honorarios razonables de abogados, que resulten de cualquier violaci\u00f3n de estos T\u00e9rminos de Uso o de cualquier actividad relacionada con su cuenta (incluido el comportamiento negligente o indebido) por usted o cualquier otra persona que acceda al sitio web utilizando su cuenta de Internet.<\/p><p><strong>11. Ley Aplicable<\/strong><\/p><p>Estos T\u00e9rminos de Uso se rigen e interpretan de acuerdo con las leyes del Estado Libre Asociado de Puerto Rico, sin tener en cuenta sus principios de conflicto de leyes. Usted acepta someterse a la jurisdicci\u00f3n exclusiva de los tribunales ubicados en Puerto Rico para la resoluci\u00f3n de cualquier disputa que surja de o est\u00e9 relacionada con estos T\u00e9rminos de Uso o el sitio web.<\/p><p><strong>12. Informaci\u00f3n de Contacto<\/strong><\/p><p>Si tiene alguna pregunta sobre estos T\u00e9rminos de Uso, cont\u00e1ctenos en:<\/p><p><strong>Marcano Legal LLC<\/strong><br \/>Correo electr\u00f3nico: <a rel=\"noreferrer\">grace@marcanolegal.com<\/a><br \/>Tel\u00e9fono: 786-314-7330<\/p>\t\t\t\t\t\t\t\t<\/div>\n\t\t\t\t<\/div>\n\t\t\t\t\t<\/div>\n\t\t<\/div>\n\t\t\t\t\t<\/div>\n\t\t<\/section>\n\t\t\t\t<section class=\"elementor-section elementor-top-section elementor-element elementor-element-1ce0fbce elementor-section-boxed elementor-section-height-default elementor-section-height-default sc_fly_static\" data-id=\"1ce0fbce\" data-element_type=\"section\" data-e-type=\"section\">\n\t\t\t\t\t\t<div class=\"elementor-container elementor-column-gap-extended\">\n\t\t\t\t\t<div class=\"elementor-column elementor-col-100 elementor-top-column elementor-element elementor-element-71737124 sc_content_align_inherit sc_layouts_column_icons_position_left sc_fly_static\" data-id=\"71737124\" data-element_type=\"column\" data-e-type=\"column\">\n\t\t\t<div class=\"elementor-widget-wrap elementor-element-populated\">\n\t\t\t\t\t\t<div class=\"elementor-element elementor-element-653057c1 sc_fly_static elementor-widget elementor-widget-spacer\" data-id=\"653057c1\" data-element_type=\"widget\" data-e-type=\"widget\" data-widget_type=\"spacer.default\">\n\t\t\t\t<div class=\"elementor-widget-container\">\n\t\t\t\t\t\t\t<div class=\"elementor-spacer\">\n\t\t\t<div class=\"elementor-spacer-inner\"><\/div>\n\t\t<\/div>\n\t\t\t\t\t\t<\/div>\n\t\t\t\t<\/div>\n\t\t\t\t\t<\/div>\n\t\t<\/div>\n\t\t\t\t\t<\/div>\n\t\t<\/section>\n\t\t\t\t<\/div>\n\t\t","protected":false},"excerpt":{"rendered":"<p>T\u00e9rminos de Uso de Marcano Legal LLC Fecha de Vigencia: 7 de enero de 2025&hellip;<\/p>\n","protected":false},"author":1,"featured_media":0,"parent":0,"menu_order":0,"comment_status":"closed","ping_status":"closed","template":"","meta":{"footnotes":""},"class_list":["post-21868","page","type-page","status-publish","hentry"],"_links":{"self":[{"href":"https:\/\/marcanolegal.com\/es\/wp-json\/wp\/v2\/pages\/21868","targetHints":{"allow":["GET"]}}],"collection":[{"href":"https:\/\/marcanolegal.com\/es\/wp-json\/wp\/v2\/pages"}],"about":[{"href":"https:\/\/marcanolegal.com\/es\/wp-json\/wp\/v2\/types\/page"}],"author":[{"embeddable":true,"href":"https:\/\/marcanolegal.com\/es\/wp-json\/wp\/v2\/users\/1"}],"replies":[{"embeddable":true,"href":"https:\/\/marcanolegal.com\/es\/wp-json\/wp\/v2\/comments?post=21868"}],"version-history":[{"count":0,"href":"https:\/\/marcanolegal.com\/es\/wp-json\/wp\/v2\/pages\/21868\/revisions"}],"wp:attachment":[{"href":"https:\/\/marcanolegal.com\/es\/wp-json\/wp\/v2\/media?parent=21868"}],"curies":[{"name":"wp","href":"https:\/\/api.w.org\/{rel}","templated":true}]}}