{"id":21857,"date":"2024-07-31T19:05:08","date_gmt":"2024-07-31T19:05:08","guid":{"rendered":"https:\/\/marcanolegal.com\/legal-disclaimer\/"},"modified":"2025-01-22T01:28:32","modified_gmt":"2025-01-22T01:28:32","slug":"aviso-legal-completo","status":"publish","type":"page","link":"https:\/\/marcanolegal.com\/es\/aviso-legal-completo\/","title":{"rendered":"Aviso Legal Completo"},"content":{"rendered":"\t\t<div data-elementor-type=\"wp-page\" data-elementor-id=\"21857\" class=\"elementor elementor-21857 elementor-19532\">\n\t\t\t\t\t\t<section class=\"elementor-section elementor-top-section elementor-element elementor-element-2b1184b0 elementor-section-boxed elementor-section-height-default elementor-section-height-default sc_fly_static\" data-id=\"2b1184b0\" data-element_type=\"section\" data-e-type=\"section\" data-settings=\"{&quot;background_background&quot;:&quot;classic&quot;}\">\n\t\t\t\t\t\t<div class=\"elementor-container elementor-column-gap-extended\">\n\t\t\t\t\t<div class=\"elementor-column elementor-col-100 elementor-top-column elementor-element elementor-element-153e1c19 sc_content_align_inherit sc_layouts_column_icons_position_left sc_fly_static\" data-id=\"153e1c19\" data-element_type=\"column\" data-e-type=\"column\">\n\t\t\t<div class=\"elementor-widget-wrap elementor-element-populated\">\n\t\t\t\t\t\t<div class=\"elementor-element elementor-element-54db29de sc_fly_static elementor-widget elementor-widget-text-editor\" data-id=\"54db29de\" data-element_type=\"widget\" data-e-type=\"widget\" data-widget_type=\"text-editor.default\">\n\t\t\t\t<div class=\"elementor-widget-container\">\n\t\t\t\t\t\t\t\t\t<h2><span style=\"text-decoration: underline;\">Aviso Legal Completo<\/span><\/h2><p><strong>1. Exenci\u00f3n de Privilegio Abogado-Cliente<\/strong><\/p><p>Tenga en cuenta que el uso de este sitio web y cualquier comunicaci\u00f3n con Marcano Legal LLC a trav\u00e9s de este sitio no establece una relaci\u00f3n abogado-cliente. Dicha relaci\u00f3n no existe a menos que usted firme un acuerdo formal con Marcano Legal LLC confirmando la naturaleza y el alcance de la representaci\u00f3n.<\/p><p><strong>2. Exenci\u00f3n de Asesoramiento Legal<\/strong><\/p><p>El contenido de este sitio web se proporciona \u00fanicamente con fines informativos y no debe interpretarse como asesoramiento legal sobre ning\u00fan asunto. Marcano Legal LLC no garantiza la precisi\u00f3n, integridad o adecuaci\u00f3n de la informaci\u00f3n contenida en este sitio o vinculada desde este sitio web.<\/p><p>No debe actuar ni abstenerse de actuar bas\u00e1ndose en cualquier informaci\u00f3n encontrada en este sitio sin buscar el asesoramiento legal adecuado o de otro tipo de un abogado autorizado en su estado sobre los hechos y circunstancias espec\u00edficos en cuesti\u00f3n. El contenido de este sitio web contiene informaci\u00f3n general y puede no reflejar los desarrollos legales, veredictos o acuerdos actuales. Marcano Legal LLC renuncia expresamente a toda responsabilidad con respecto a las acciones tomadas o no tomadas basadas en el contenido de este sitio.<\/p><p><strong>3. Exenci\u00f3n de Publicidad<\/strong><\/p><p>Este sitio web puede constituir publicidad de abogados. Los resultados anteriores no garantizan un resultado similar. La informaci\u00f3n proporcionada en este sitio web no est\u00e1 destinada a crear, ni su recepci\u00f3n constituye, una relaci\u00f3n abogado-cliente. No se forma una relaci\u00f3n abogado-cliente a menos que un acuerdo escrito sea firmado por ambas partes, el cliente y Marcano Legal LLC.<\/p><p><strong>4. Exenci\u00f3n de Confidencialidad<\/strong><\/p><p>No env\u00ede informaci\u00f3n confidencial a trav\u00e9s de este sitio web. La comunicaci\u00f3n con Marcano Legal LLC por correo electr\u00f3nico o a trav\u00e9s de este sitio web no establece una relaci\u00f3n abogado-cliente. Cualquier informaci\u00f3n enviada a Marcano Legal LLC antes de que se establezca una relaci\u00f3n abogado-cliente puede no ser tratada como confidencial o privilegiada.<\/p><p><strong>5. Exenci\u00f3n de Especializaci\u00f3n<\/strong><\/p><p>Marcano Legal LLC no afirma certificaci\u00f3n en ninguna \u00e1rea espec\u00edfica del derecho a menos que dicha certificaci\u00f3n se declare expl\u00edcitamente. El uso de t\u00e9rminos como \u00abexperto\u00bb o \u00abespecialista\u00bb debe entenderse en un sentido general y no en cumplimiento con ninguna certificaci\u00f3n legal espec\u00edfica a menos que se indique lo contrario.<\/p><p><strong>6. Exenci\u00f3n de Testimonios y Resultados de Casos<\/strong><\/p><p>Cualquier testimonio o resultado de casos proporcionado en este sitio web no constituye una garant\u00eda, promesa o predicci\u00f3n con respecto al resultado de su asunto legal. Cada caso es \u00fanico y los resultados variar\u00e1n seg\u00fan los hechos y circunstancias legales espec\u00edficas.<\/p><p><strong>7. Identificaci\u00f3n del Propietario del Sitio Web<\/strong><\/p><p>Este sitio web es mantenido por Marcano Legal LLC. Para m\u00e1s informaci\u00f3n o para contactarnos, consulte nuestra p\u00e1gina de contacto.<\/p><p><strong>8. Exenci\u00f3n de Enlaces<\/strong><\/p><p>Este sitio web puede contener enlaces a sitios web externos \u00fanicamente con fines informativos. Marcano Legal LLC no controla el contenido de estos sitios web externos y no es responsable de su disponibilidad, seguridad o contenido. Los usuarios acceden a estos enlaces bajo su propio riesgo.<\/p><p><strong>9. Aviso de Copyright<\/strong><\/p><p>\u00a9 2025 Marcano Legal LLC. Todos los derechos reservados. El contenido de este sitio web, incluidos textos, gr\u00e1ficos, logotipos e im\u00e1genes, es propiedad de Marcano Legal LLC a menos que se indique lo contrario. Est\u00e1 prohibido el uso no autorizado de cualquier contenido de este sitio web.<\/p>\t\t\t\t\t\t\t\t<\/div>\n\t\t\t\t<\/div>\n\t\t\t\t\t<\/div>\n\t\t<\/div>\n\t\t\t\t\t<\/div>\n\t\t<\/section>\n\t\t\t\t<section class=\"elementor-section elementor-top-section elementor-element elementor-element-62204097 elementor-section-boxed elementor-section-height-default elementor-section-height-default sc_fly_static\" data-id=\"62204097\" data-element_type=\"section\" data-e-type=\"section\">\n\t\t\t\t\t\t<div class=\"elementor-container elementor-column-gap-extended\">\n\t\t\t\t\t<div class=\"elementor-column elementor-col-100 elementor-top-column elementor-element elementor-element-2a4d759c sc_content_align_inherit sc_layouts_column_icons_position_left sc_fly_static\" data-id=\"2a4d759c\" data-element_type=\"column\" data-e-type=\"column\">\n\t\t\t<div class=\"elementor-widget-wrap elementor-element-populated\">\n\t\t\t\t\t\t<div class=\"elementor-element elementor-element-3ee1a1c6 sc_fly_static elementor-widget elementor-widget-spacer\" data-id=\"3ee1a1c6\" data-element_type=\"widget\" data-e-type=\"widget\" data-widget_type=\"spacer.default\">\n\t\t\t\t<div class=\"elementor-widget-container\">\n\t\t\t\t\t\t\t<div class=\"elementor-spacer\">\n\t\t\t<div class=\"elementor-spacer-inner\"><\/div>\n\t\t<\/div>\n\t\t\t\t\t\t<\/div>\n\t\t\t\t<\/div>\n\t\t\t\t\t<\/div>\n\t\t<\/div>\n\t\t\t\t\t<\/div>\n\t\t<\/section>\n\t\t\t\t<\/div>\n\t\t","protected":false},"excerpt":{"rendered":"<p>Aviso Legal Completo 1. Exenci\u00f3n de Privilegio Abogado-Cliente Tenga en cuenta que el uso de&hellip;<\/p>\n","protected":false},"author":1,"featured_media":0,"parent":0,"menu_order":0,"comment_status":"closed","ping_status":"closed","template":"","meta":{"footnotes":""},"class_list":["post-21857","page","type-page","status-publish","hentry"],"_links":{"self":[{"href":"https:\/\/marcanolegal.com\/es\/wp-json\/wp\/v2\/pages\/21857","targetHints":{"allow":["GET"]}}],"collection":[{"href":"https:\/\/marcanolegal.com\/es\/wp-json\/wp\/v2\/pages"}],"about":[{"href":"https:\/\/marcanolegal.com\/es\/wp-json\/wp\/v2\/types\/page"}],"author":[{"embeddable":true,"href":"https:\/\/marcanolegal.com\/es\/wp-json\/wp\/v2\/users\/1"}],"replies":[{"embeddable":true,"href":"https:\/\/marcanolegal.com\/es\/wp-json\/wp\/v2\/comments?post=21857"}],"version-history":[{"count":0,"href":"https:\/\/marcanolegal.com\/es\/wp-json\/wp\/v2\/pages\/21857\/revisions"}],"wp:attachment":[{"href":"https:\/\/marcanolegal.com\/es\/wp-json\/wp\/v2\/media?parent=21857"}],"curies":[{"name":"wp","href":"https:\/\/api.w.org\/{rel}","templated":true}]}}