{"id":21017,"date":"2020-12-26T15:09:21","date_gmt":"2020-12-26T15:09:21","guid":{"rendered":"https:\/\/marcanolegal.com\/sobre-marcano-legal\/"},"modified":"2025-03-24T21:00:26","modified_gmt":"2025-03-24T21:00:26","slug":"sobre-marcano-legal","status":"publish","type":"page","link":"https:\/\/marcanolegal.com\/es\/sobre-marcano-legal\/","title":{"rendered":"Sobre Marcano Legal"},"content":{"rendered":"\t\t<div data-elementor-type=\"wp-page\" data-elementor-id=\"21017\" class=\"elementor elementor-21017 elementor-3825\">\n\t\t\t\t\t\t<section class=\"elementor-section elementor-top-section elementor-element elementor-element-9f1eb38 elementor-section-boxed elementor-section-height-default elementor-section-height-default sc_fly_static\" data-id=\"9f1eb38\" data-element_type=\"section\" data-e-type=\"section\" data-settings=\"{&quot;background_background&quot;:&quot;classic&quot;}\">\n\t\t\t\t\t\t<div class=\"elementor-container elementor-column-gap-extended\">\n\t\t\t\t\t<div class=\"elementor-column elementor-col-100 elementor-top-column elementor-element elementor-element-91e7d12 sc_content_align_inherit sc_layouts_column_icons_position_left sc_fly_static\" data-id=\"91e7d12\" data-element_type=\"column\" data-e-type=\"column\">\n\t\t\t<div class=\"elementor-widget-wrap elementor-element-populated\">\n\t\t\t\t\t\t<div class=\"elementor-element elementor-element-81890d2 sc_height_huge sc_layouts_hide_on_mobile sc_fly_static elementor-widget elementor-widget-spacer\" data-id=\"81890d2\" data-element_type=\"widget\" data-e-type=\"widget\" data-widget_type=\"spacer.default\">\n\t\t\t\t<div class=\"elementor-widget-container\">\n\t\t\t\t\t\t\t<div class=\"elementor-spacer\">\n\t\t\t<div class=\"elementor-spacer-inner\"><\/div>\n\t\t<\/div>\n\t\t\t\t\t\t<\/div>\n\t\t\t\t<\/div>\n\t\t\t\t\t<\/div>\n\t\t<\/div>\n\t\t\t\t\t<\/div>\n\t\t<\/section>\n\t\t\t\t<section class=\"elementor-section elementor-top-section elementor-element elementor-element-11a1e01 elementor-section-boxed elementor-section-height-default elementor-section-height-default sc_fly_static\" data-id=\"11a1e01\" data-element_type=\"section\" data-e-type=\"section\">\n\t\t\t\t\t\t<div class=\"elementor-container elementor-column-gap-extended\">\n\t\t\t\t\t<div class=\"elementor-column elementor-col-50 elementor-top-column elementor-element elementor-element-113d6da sc_content_align_inherit sc_layouts_column_icons_position_left sc_fly_static\" data-id=\"113d6da\" data-element_type=\"column\" data-e-type=\"column\">\n\t\t\t<div class=\"elementor-widget-wrap elementor-element-populated\">\n\t\t\t\t\t\t<div class=\"elementor-element elementor-element-b2c2ddc sc_fly_static elementor-widget elementor-widget-trx_sc_title\" data-id=\"b2c2ddc\" data-element_type=\"widget\" data-e-type=\"widget\" data-widget_type=\"trx_sc_title.default\">\n\t\t\t\t<div class=\"elementor-widget-container\">\n\t\t\t\t\t<div\t\tclass=\"sc_title sc_title_default\" ><h1 class=\"sc_item_title sc_title_title sc_item_title_style_default sc_item_title_tag\"\n\t\t\t><span class=\"sc_item_title_text\">Nuestra Fundadora<\/span><\/h1><\/div>\t\t\t\t<\/div>\n\t\t\t\t<\/div>\n\t\t\t\t<div class=\"elementor-element elementor-element-902ba1c elementor-widget-divider--view-line sc_fly_static elementor-widget elementor-widget-divider\" data-id=\"902ba1c\" data-element_type=\"widget\" data-e-type=\"widget\" data-widget_type=\"divider.default\">\n\t\t\t\t<div class=\"elementor-widget-container\">\n\t\t\t\t\t\t\t<div class=\"elementor-divider\">\n\t\t\t<span class=\"elementor-divider-separator\">\n\t\t\t\t\t\t<\/span>\n\t\t<\/div>\n\t\t\t\t\t\t<\/div>\n\t\t\t\t<\/div>\n\t\t\t\t<div class=\"elementor-element elementor-element-2419c92 elementor-widget__width-initial sc_fly_static elementor-widget elementor-widget-text-editor\" data-id=\"2419c92\" data-element_type=\"widget\" data-e-type=\"widget\" data-widget_type=\"text-editor.default\">\n\t\t\t\t<div class=\"elementor-widget-container\">\n\t\t\t\t\t\t\t\t\t<p>Conoce a la abogada <strong>Grace E. Marcano-Gonz\u00e1lez<\/strong>, una experimentada abogada de inmigraci\u00f3n que atiende a clientes de todo Estados Unidos, incluidas regiones como<strong> Florida, Nueva York, Atlanta, California, Texas y el estado de Washington.<\/strong><\/p><p>Con m\u00e1s de <strong>10 a\u00f1os<\/strong> en la abogac\u00eda de inmigraci\u00f3n, Grace ha dedicado su carrera a ayudar a personas y familias a navegar por las pol\u00edticas de inmigraci\u00f3n de Estados Unidos. Su compromiso en este campo se basa en su dedicaci\u00f3n al servicio de la comunidad y en una profunda comprensi\u00f3n de las necesidades de sus clientes.<\/p>\t\t\t\t\t\t\t\t<\/div>\n\t\t\t\t<\/div>\n\t\t\t\t<div class=\"elementor-element elementor-element-809d1d9 sc_fly_static elementor-widget elementor-widget-image\" data-id=\"809d1d9\" data-element_type=\"widget\" data-e-type=\"widget\" data-widget_type=\"image.default\">\n\t\t\t\t<div class=\"elementor-widget-container\">\n\t\t\t\t\t\t\t\t\t\t\t\t\t\t\t<img decoding=\"async\" width=\"900\" height=\"900\" src=\"https:\/\/marcanolegal.com\/wp-content\/uploads\/2025\/02\/ALA.png\" class=\"attachment-large size-large wp-image-22830\" alt=\"ALA Member\" srcset=\"https:\/\/marcanolegal.com\/wp-content\/uploads\/2025\/02\/ALA.png 900w, https:\/\/marcanolegal.com\/wp-content\/uploads\/2025\/02\/ALA-300x300.png 300w, https:\/\/marcanolegal.com\/wp-content\/uploads\/2025\/02\/ALA-150x150.png 150w, https:\/\/marcanolegal.com\/wp-content\/uploads\/2025\/02\/ALA-768x768.png 768w, https:\/\/marcanolegal.com\/wp-content\/uploads\/2025\/02\/ALA-370x370.png 370w, https:\/\/marcanolegal.com\/wp-content\/uploads\/2025\/02\/ALA-120x120.png 120w, https:\/\/marcanolegal.com\/wp-content\/uploads\/2025\/02\/ALA-840x840.png 840w, https:\/\/marcanolegal.com\/wp-content\/uploads\/2025\/02\/ALA-410x410.png 410w\" sizes=\"(max-width: 900px) 100vw, 900px\" \/>\t\t\t\t\t\t\t\t\t\t\t\t\t\t\t<\/div>\n\t\t\t\t<\/div>\n\t\t\t\t\t<\/div>\n\t\t<\/div>\n\t\t\t\t<div class=\"elementor-column elementor-col-50 elementor-top-column elementor-element elementor-element-6f597d8 sc_content_align_inherit sc_layouts_column_icons_position_left sc_fly_static\" data-id=\"6f597d8\" data-element_type=\"column\" data-e-type=\"column\">\n\t\t\t<div class=\"elementor-widget-wrap elementor-element-populated\">\n\t\t\t\t\t\t<div class=\"elementor-element elementor-element-4bef24b sc_fly_static elementor-widget elementor-widget-image\" data-id=\"4bef24b\" data-element_type=\"widget\" data-e-type=\"widget\" data-widget_type=\"image.default\">\n\t\t\t\t<div class=\"elementor-widget-container\">\n\t\t\t\t\t\t\t\t\t\t\t\t\t\t\t<img decoding=\"async\" width=\"1024\" height=\"576\" src=\"https:\/\/marcanolegal.com\/wp-content\/uploads\/2025\/02\/marcano-legal-immigration-attorney-grace-1024x576.jpg\" class=\"attachment-large size-large wp-image-23337\" alt=\"\" srcset=\"https:\/\/marcanolegal.com\/wp-content\/uploads\/2025\/02\/marcano-legal-immigration-attorney-grace-1024x576.jpg 1024w, https:\/\/marcanolegal.com\/wp-content\/uploads\/2025\/02\/marcano-legal-immigration-attorney-grace-300x169.jpg 300w, https:\/\/marcanolegal.com\/wp-content\/uploads\/2025\/02\/marcano-legal-immigration-attorney-grace-768x432.jpg 768w, https:\/\/marcanolegal.com\/wp-content\/uploads\/2025\/02\/marcano-legal-immigration-attorney-grace-1536x864.jpg 1536w, https:\/\/marcanolegal.com\/wp-content\/uploads\/2025\/02\/marcano-legal-immigration-attorney-grace-370x208.jpg 370w, https:\/\/marcanolegal.com\/wp-content\/uploads\/2025\/02\/marcano-legal-immigration-attorney-grace-1290x725.jpg 1290w, https:\/\/marcanolegal.com\/wp-content\/uploads\/2025\/02\/marcano-legal-immigration-attorney-grace-840x473.jpg 840w, https:\/\/marcanolegal.com\/wp-content\/uploads\/2025\/02\/marcano-legal-immigration-attorney-grace-410x231.jpg 410w, https:\/\/marcanolegal.com\/wp-content\/uploads\/2025\/02\/marcano-legal-immigration-attorney-grace-270x152.jpg 270w, https:\/\/marcanolegal.com\/wp-content\/uploads\/2025\/02\/marcano-legal-immigration-attorney-grace.jpg 1920w\" sizes=\"(max-width: 1024px) 100vw, 1024px\" \/>\t\t\t\t\t\t\t\t\t\t\t\t\t\t\t<\/div>\n\t\t\t\t<\/div>\n\t\t\t\t<div class=\"elementor-element elementor-element-c296717 sc_fly_static elementor-widget elementor-widget-text-editor\" data-id=\"c296717\" data-element_type=\"widget\" data-e-type=\"widget\" data-widget_type=\"text-editor.default\">\n\t\t\t\t<div class=\"elementor-widget-container\">\n\t\t\t\t\t\t\t\t\t<p>Grace E. Marcano-Gonz\u00e1lez, Esq.<\/p>\n\t\t\t\t\t\t\t\t<\/div>\n\t\t\t\t<\/div>\n\t\t\t\t\t<\/div>\n\t\t<\/div>\n\t\t\t\t\t<\/div>\n\t\t<\/section>\n\t\t\t\t<section class=\"elementor-section elementor-top-section elementor-element elementor-element-0015cca elementor-section-boxed elementor-section-height-default elementor-section-height-default sc_fly_static\" data-id=\"0015cca\" data-element_type=\"section\" data-e-type=\"section\">\n\t\t\t\t\t\t<div class=\"elementor-container elementor-column-gap-extended\">\n\t\t\t\t\t<div class=\"elementor-column elementor-col-50 elementor-top-column elementor-element elementor-element-e2fdfc4 sc_content_align_inherit sc_layouts_column_icons_position_left sc_fly_static\" data-id=\"e2fdfc4\" data-element_type=\"column\" data-e-type=\"column\">\n\t\t\t<div class=\"elementor-widget-wrap elementor-element-populated\">\n\t\t\t\t\t\t<div class=\"elementor-element elementor-element-2e588f9 sc_layouts_hide_on_mobile sc_fly_static elementor-widget elementor-widget-image\" data-id=\"2e588f9\" data-element_type=\"widget\" data-e-type=\"widget\" data-widget_type=\"image.default\">\n\t\t\t\t<div class=\"elementor-widget-container\">\n\t\t\t\t\t\t\t\t\t\t\t\t\t\t\t<img decoding=\"async\" width=\"1024\" height=\"585\" src=\"https:\/\/marcanolegal.com\/wp-content\/uploads\/2024\/07\/aboutus-1024x585.jpg\" class=\"attachment-large size-large wp-image-20802\" alt=\"\" srcset=\"https:\/\/marcanolegal.com\/wp-content\/uploads\/2024\/07\/aboutus-1024x585.jpg 1024w, https:\/\/marcanolegal.com\/wp-content\/uploads\/2024\/07\/aboutus-300x171.jpg 300w, https:\/\/marcanolegal.com\/wp-content\/uploads\/2024\/07\/aboutus-768x439.jpg 768w, https:\/\/marcanolegal.com\/wp-content\/uploads\/2024\/07\/aboutus-370x211.jpg 370w, https:\/\/marcanolegal.com\/wp-content\/uploads\/2024\/07\/aboutus-840x480.jpg 840w, https:\/\/marcanolegal.com\/wp-content\/uploads\/2024\/07\/aboutus-410x234.jpg 410w, https:\/\/marcanolegal.com\/wp-content\/uploads\/2024\/07\/aboutus.jpg 1456w\" sizes=\"(max-width: 1024px) 100vw, 1024px\" \/>\t\t\t\t\t\t\t\t\t\t\t\t\t\t\t<\/div>\n\t\t\t\t<\/div>\n\t\t\t\t\t<\/div>\n\t\t<\/div>\n\t\t\t\t<div class=\"elementor-column elementor-col-50 elementor-top-column elementor-element elementor-element-a5027f6 sc_content_align_inherit sc_layouts_column_icons_position_left sc_fly_static\" data-id=\"a5027f6\" data-element_type=\"column\" data-e-type=\"column\">\n\t\t\t<div class=\"elementor-widget-wrap elementor-element-populated\">\n\t\t\t\t\t\t<div class=\"elementor-element elementor-element-7d42673 sc_fly_static elementor-widget elementor-widget-trx_sc_title\" data-id=\"7d42673\" data-element_type=\"widget\" data-e-type=\"widget\" data-widget_type=\"trx_sc_title.default\">\n\t\t\t\t<div class=\"elementor-widget-container\">\n\t\t\t\t\t<div\t\tclass=\"sc_title sc_title_default\" ><h1 class=\"sc_item_title sc_title_title sc_item_title_style_default sc_item_title_tag\"\n\t\t\t><span class=\"sc_item_title_text\">Nuestra Pr\u00e1ctica<\/span><\/h1><\/div>\t\t\t\t<\/div>\n\t\t\t\t<\/div>\n\t\t\t\t<div class=\"elementor-element elementor-element-56f1039 elementor-widget-divider--view-line sc_fly_static elementor-widget elementor-widget-divider\" data-id=\"56f1039\" data-element_type=\"widget\" data-e-type=\"widget\" data-widget_type=\"divider.default\">\n\t\t\t\t<div class=\"elementor-widget-container\">\n\t\t\t\t\t\t\t<div class=\"elementor-divider\">\n\t\t\t<span class=\"elementor-divider-separator\">\n\t\t\t\t\t\t<\/span>\n\t\t<\/div>\n\t\t\t\t\t\t<\/div>\n\t\t\t\t<\/div>\n\t\t\t\t<div class=\"elementor-element elementor-element-43ad78d elementor-widget__width-initial sc_fly_static elementor-widget elementor-widget-text-editor\" data-id=\"43ad78d\" data-element_type=\"widget\" data-e-type=\"widget\" data-widget_type=\"text-editor.default\">\n\t\t\t\t<div class=\"elementor-widget-container\">\n\t\t\t\t\t\t\t\t\t<p><strong>La abogada Grace Marcano-Gonz\u00e1lez<\/strong> presta servicios jur\u00eddicos en peticiones familiares, defensas de expulsi\u00f3n y solicitudes de visado. Durante los \u00faltimos ocho a\u00f1os, se ha centrado en ofrecer orientaci\u00f3n personalizada a cada cliente, ayud\u00e1ndole a navegar por las complejidades del proceso de inmigraci\u00f3n. <\/p>\n<p>En <strong>Marcano Legal<\/strong>, nuestro objetivo es crear un entorno en el que los clientes se sientan informados y respaldados a lo largo de todo su proceso de inmigraci\u00f3n.<\/p>\n\t\t\t\t\t\t\t\t<\/div>\n\t\t\t\t<\/div>\n\t\t\t\t\t<\/div>\n\t\t<\/div>\n\t\t\t\t\t<\/div>\n\t\t<\/section>\n\t\t\t\t<section class=\"elementor-section elementor-top-section elementor-element elementor-element-309dd41 elementor-section-boxed elementor-section-height-default elementor-section-height-default sc_fly_static\" data-id=\"309dd41\" data-element_type=\"section\" data-e-type=\"section\">\n\t\t\t\t\t\t<div class=\"elementor-container elementor-column-gap-extended\">\n\t\t\t\t\t<div class=\"elementor-column elementor-col-50 elementor-top-column elementor-element elementor-element-e29460e sc_content_align_inherit sc_layouts_column_icons_position_left sc_fly_static\" data-id=\"e29460e\" data-element_type=\"column\" data-e-type=\"column\">\n\t\t\t<div class=\"elementor-widget-wrap elementor-element-populated\">\n\t\t\t\t\t\t<div class=\"elementor-element elementor-element-ec6c687 sc_fly_static elementor-widget elementor-widget-trx_sc_title\" data-id=\"ec6c687\" data-element_type=\"widget\" data-e-type=\"widget\" data-widget_type=\"trx_sc_title.default\">\n\t\t\t\t<div class=\"elementor-widget-container\">\n\t\t\t\t\t<div\t\tclass=\"sc_title sc_title_default\" ><h1 class=\"sc_item_title sc_title_title sc_item_title_style_default sc_item_title_tag\"\n\t\t\t><span class=\"sc_item_title_text\">Nuestro Compromiso<\/span><\/h1><\/div>\t\t\t\t<\/div>\n\t\t\t\t<\/div>\n\t\t\t\t<div class=\"elementor-element elementor-element-c84cfd8 elementor-widget-divider--view-line sc_fly_static elementor-widget elementor-widget-divider\" data-id=\"c84cfd8\" data-element_type=\"widget\" data-e-type=\"widget\" data-widget_type=\"divider.default\">\n\t\t\t\t<div class=\"elementor-widget-container\">\n\t\t\t\t\t\t\t<div class=\"elementor-divider\">\n\t\t\t<span class=\"elementor-divider-separator\">\n\t\t\t\t\t\t<\/span>\n\t\t<\/div>\n\t\t\t\t\t\t<\/div>\n\t\t\t\t<\/div>\n\t\t\t\t<div class=\"elementor-element elementor-element-9951ab7 elementor-widget__width-initial sc_fly_static elementor-widget elementor-widget-text-editor\" data-id=\"9951ab7\" data-element_type=\"widget\" data-e-type=\"widget\" data-widget_type=\"text-editor.default\">\n\t\t\t\t<div class=\"elementor-widget-container\">\n\t\t\t\t\t\t\t\t\t<p>En <strong>Marcano Legal<\/strong>, damos prioridad a tus objetivos, proporcionando apoyo jur\u00eddico adaptado a las necesidades \u00fanicas de cada cliente. Nuestro enfoque hace hincapi\u00e9 en la profesionalidad y la empat\u00eda, ayudando a los clientes a obtener los mejores resultados posibles para s\u00ed mismos y para sus seres queridos.<\/p>\t\t\t\t\t\t\t\t<\/div>\n\t\t\t\t<\/div>\n\t\t\t\t\t<\/div>\n\t\t<\/div>\n\t\t\t\t<div class=\"elementor-column elementor-col-50 elementor-top-column elementor-element elementor-element-5e0e421 sc_content_align_inherit sc_layouts_column_icons_position_left sc_fly_static\" data-id=\"5e0e421\" data-element_type=\"column\" data-e-type=\"column\">\n\t\t\t<div class=\"elementor-widget-wrap elementor-element-populated\">\n\t\t\t\t\t\t<div class=\"elementor-element elementor-element-4c2dd85 sc_fly_static elementor-widget elementor-widget-image\" data-id=\"4c2dd85\" data-element_type=\"widget\" data-e-type=\"widget\" data-widget_type=\"image.default\">\n\t\t\t\t<div class=\"elementor-widget-container\">\n\t\t\t\t\t\t\t\t\t\t\t\t\t\t\t<img decoding=\"async\" width=\"1024\" height=\"574\" src=\"https:\/\/marcanolegal.com\/wp-content\/uploads\/2024\/08\/commitment_immigration-1024x574.jpg\" class=\"attachment-large size-large wp-image-20807\" alt=\"\" srcset=\"https:\/\/marcanolegal.com\/wp-content\/uploads\/2024\/08\/commitment_immigration-1024x574.jpg 1024w, https:\/\/marcanolegal.com\/wp-content\/uploads\/2024\/08\/commitment_immigration-300x168.jpg 300w, https:\/\/marcanolegal.com\/wp-content\/uploads\/2024\/08\/commitment_immigration-768x430.jpg 768w, https:\/\/marcanolegal.com\/wp-content\/uploads\/2024\/08\/commitment_immigration-370x207.jpg 370w, https:\/\/marcanolegal.com\/wp-content\/uploads\/2024\/08\/commitment_immigration-410x230.jpg 410w, https:\/\/marcanolegal.com\/wp-content\/uploads\/2024\/08\/commitment_immigration-840x471.jpg 840w, https:\/\/marcanolegal.com\/wp-content\/uploads\/2024\/08\/commitment_immigration-270x152.jpg 270w, https:\/\/marcanolegal.com\/wp-content\/uploads\/2024\/08\/commitment_immigration.jpg 1456w\" sizes=\"(max-width: 1024px) 100vw, 1024px\" \/>\t\t\t\t\t\t\t\t\t\t\t\t\t\t\t<\/div>\n\t\t\t\t<\/div>\n\t\t\t\t\t<\/div>\n\t\t<\/div>\n\t\t\t\t\t<\/div>\n\t\t<\/section>\n\t\t\t\t<section class=\"elementor-section elementor-top-section elementor-element elementor-element-c190a2b elementor-section-boxed elementor-section-height-default elementor-section-height-default sc_fly_static\" data-id=\"c190a2b\" data-element_type=\"section\" data-e-type=\"section\">\n\t\t\t\t\t\t<div class=\"elementor-container elementor-column-gap-extended\">\n\t\t\t\t\t<div class=\"elementor-column elementor-col-100 elementor-top-column elementor-element elementor-element-0b304c7 sc_content_align_inherit sc_layouts_column_icons_position_left sc_fly_static\" data-id=\"0b304c7\" data-element_type=\"column\" data-e-type=\"column\">\n\t\t\t<div class=\"elementor-widget-wrap elementor-element-populated\">\n\t\t\t\t\t\t<div class=\"elementor-element elementor-element-2c41a57 sc_layouts_hide_on_mobile sc_fly_static elementor-widget elementor-widget-spacer\" data-id=\"2c41a57\" data-element_type=\"widget\" data-e-type=\"widget\" data-widget_type=\"spacer.default\">\n\t\t\t\t<div class=\"elementor-widget-container\">\n\t\t\t\t\t\t\t<div class=\"elementor-spacer\">\n\t\t\t<div class=\"elementor-spacer-inner\"><\/div>\n\t\t<\/div>\n\t\t\t\t\t\t<\/div>\n\t\t\t\t<\/div>\n\t\t\t\t<div class=\"elementor-element elementor-element-7510b06 sc_fly_static elementor-widget elementor-widget-image\" data-id=\"7510b06\" data-element_type=\"widget\" data-e-type=\"widget\" data-widget_type=\"image.default\">\n\t\t\t\t<div class=\"elementor-widget-container\">\n\t\t\t\t\t\t\t\t\t\t\t\t\t\t\t<img decoding=\"async\" src=\"https:\/\/marcanolegal.com\/wp-content\/uploads\/2024\/07\/block-marcano-immigration-lawyer-horizontal.png\" title=\"Marcano Legal - Immigration Attorneys\" alt=\"Marcano Legal - Immigration Attorneys\" loading=\"lazy\" \/>\t\t\t\t\t\t\t\t\t\t\t\t\t\t\t<\/div>\n\t\t\t\t<\/div>\n\t\t\t\t<div class=\"elementor-element elementor-element-a90d14c elementor-widget__width-initial sc_fly_static elementor-widget elementor-widget-text-editor\" data-id=\"a90d14c\" data-element_type=\"widget\" data-e-type=\"widget\" data-widget_type=\"text-editor.default\">\n\t\t\t\t<div class=\"elementor-widget-container\">\n\t\t\t\t\t\t\t\t\t<p>Si te enfrentas a problemas de inmigraci\u00f3n y necesitas apoyo legal experimentado y emp\u00e1tico, Marcano Legal est\u00e1 aqu\u00ed para ayudarte.<br \/><strong>Ponte en contacto con nosotros hoy mismo para programar una consulta y saber c\u00f3mo podemos ayudarte en tu proceso de inmigraci\u00f3n.<\/strong><\/p>\n\t\t\t\t\t\t\t\t<\/div>\n\t\t\t\t<\/div>\n\t\t\t\t<div class=\"elementor-element elementor-element-7bd5be9 sc_fly_static elementor-widget elementor-widget-trx_sc_button\" data-id=\"7bd5be9\" data-element_type=\"widget\" data-e-type=\"widget\" data-widget_type=\"trx_sc_button.default\">\n\t\t\t\t<div class=\"elementor-widget-container\">\n\t\t\t\t\t<div\tclass=\"sc_item_button sc_button_wrap sc_align_center\" ><a href=\"https:\/\/marcanolegal.com\/es\/contactenos\/\" class=\"sc_button sc_button_curtain sc_button_size_large sc_button_icon_left color_style_link2\" ><span class=\"sc_button_text\"><span class=\"sc_button_title\">Solicite una Consulta<\/span><\/span><\/a><\/div>\t\t\t\t<\/div>\n\t\t\t\t<\/div>\n\t\t\t\t<div class=\"elementor-element elementor-element-39d4a69 sc_fly_static elementor-widget elementor-widget-spacer\" data-id=\"39d4a69\" data-element_type=\"widget\" data-e-type=\"widget\" data-widget_type=\"spacer.default\">\n\t\t\t\t<div class=\"elementor-widget-container\">\n\t\t\t\t\t\t\t<div class=\"elementor-spacer\">\n\t\t\t<div class=\"elementor-spacer-inner\"><\/div>\n\t\t<\/div>\n\t\t\t\t\t\t<\/div>\n\t\t\t\t<\/div>\n\t\t\t\t\t<\/div>\n\t\t<\/div>\n\t\t\t\t\t<\/div>\n\t\t<\/section>\n\t\t\t\t<\/div>\n\t\t","protected":false},"excerpt":{"rendered":"<p>Nuestra Fundadora Conoce a la abogada Grace E. Marcano-Gonz\u00e1lez, una experimentada abogada de inmigraci\u00f3n que&hellip;<\/p>\n","protected":false},"author":1,"featured_media":0,"parent":0,"menu_order":0,"comment_status":"closed","ping_status":"closed","template":"","meta":{"footnotes":""},"class_list":["post-21017","page","type-page","status-publish","hentry"],"_links":{"self":[{"href":"https:\/\/marcanolegal.com\/es\/wp-json\/wp\/v2\/pages\/21017","targetHints":{"allow":["GET"]}}],"collection":[{"href":"https:\/\/marcanolegal.com\/es\/wp-json\/wp\/v2\/pages"}],"about":[{"href":"https:\/\/marcanolegal.com\/es\/wp-json\/wp\/v2\/types\/page"}],"author":[{"embeddable":true,"href":"https:\/\/marcanolegal.com\/es\/wp-json\/wp\/v2\/users\/1"}],"replies":[{"embeddable":true,"href":"https:\/\/marcanolegal.com\/es\/wp-json\/wp\/v2\/comments?post=21017"}],"version-history":[{"count":0,"href":"https:\/\/marcanolegal.com\/es\/wp-json\/wp\/v2\/pages\/21017\/revisions"}],"wp:attachment":[{"href":"https:\/\/marcanolegal.com\/es\/wp-json\/wp\/v2\/media?parent=21017"}],"curies":[{"name":"wp","href":"https:\/\/api.w.org\/{rel}","templated":true}]}}